{"id":189,"date":"2021-08-19T16:24:41","date_gmt":"2021-08-19T14:24:41","guid":{"rendered":"http:\/\/laureatmedia.fr\/?page_id=189"},"modified":"2023-01-04T10:17:51","modified_gmt":"2023-01-04T09:17:51","slug":"accueil","status":"publish","type":"page","link":"https:\/\/laureatmedia.fr\/","title":{"rendered":"Accueil"},"content":{"rendered":"<p><a href=\"http:\/\/laureatmedia.fr\/?page_id=133\">Secteur Presse quotidienne r\u00e9gionaleNotre force : la proximit\u00e9Nous contacter<\/a><a href=\"http:\/\/laureatmedia.fr\/?page_id=133\">Une \u00e9quipe de professionnels \u00e0 votre dispositionNos commerciaux les plus efficaces vous seront d\u00e9di\u00e9sNous contacter<\/a><a href=\"http:\/\/laureatmedia.fr\/?page_id=133\">Notre volont\u00e9 : vous faire grandir !Nous vous aiderons \u00e0 s\u00e9duire de nouveaux lecteursNous contacter<\/a><br \/>\nPr\u00e9c\u00e9dent<br \/>\nSuivant<br \/>\n<a href=\"http:\/\/laureatmedia.fr\/?page_id=133\">Secteur Presse quotidienne r\u00e9gionaleNotre force : la proximit\u00e9Nous contacter<\/a><a href=\"http:\/\/laureatmedia.fr\/?page_id=133\">Une \u00e9quipe de professionnels \u00e0 votre dispositionNos commerciaux les plus efficaces vous seront d\u00e9di\u00e9sNous contacter<\/a><a href=\"http:\/\/laureatmedia.fr\/?page_id=133\">Notre volont\u00e9 : vous faire grandir !Nous vous aiderons \u00e0 s\u00e9duire de nouveaux lecteursNous contacter<\/a><br \/>\nPr\u00e9c\u00e9dent<br \/>\nSuivant<\/p>\n<h2>A propos de nous<\/h2>\n<p><img decoding=\"async\" width=\"683\" height=\"1024\" src=\"http:\/\/laureatmedia.fr\/wp-content\/uploads\/2021\/07\/pexels-fauxels-3184423-683x1024.jpg\" alt=\"\" loading=\"lazy\" srcset=\"http:\/\/laureatmedia.fr\/wp-content\/uploads\/2021\/07\/pexels-fauxels-3184423-683x1024.jpg 683w, http:\/\/laureatmedia.fr\/wp-content\/uploads\/2021\/07\/pexels-fauxels-3184423-200x300.jpg 200w, http:\/\/laureatmedia.fr\/wp-content\/uploads\/2021\/07\/pexels-fauxels-3184423-768x1151.jpg 768w, http:\/\/laureatmedia.fr\/wp-content\/uploads\/2021\/07\/pexels-fauxels-3184423-1025x1536.jpg 1025w, http:\/\/laureatmedia.fr\/wp-content\/uploads\/2021\/07\/pexels-fauxels-3184423-1367x2048.jpg 1367w, http:\/\/laureatmedia.fr\/wp-content\/uploads\/2021\/07\/pexels-fauxels-3184423-1200x1798.jpg 1200w, http:\/\/laureatmedia.fr\/wp-content\/uploads\/2021\/07\/pexels-fauxels-3184423-1980x2967.jpg 1980w, http:\/\/laureatmedia.fr\/wp-content\/uploads\/2021\/07\/pexels-fauxels-3184423-scaled.jpg 1708w\" sizes=\"(max-width: 683px) 100vw, 683px\"><\/p>\n<p><strong>Toujours \u00e0 vos c\u00f4t\u00e9s !<\/strong><\/p>\n<p><strong>&nbsp;<\/strong><\/p>\n<p>Sp\u00e9cialis\u00e9e dans la vente externalis\u00e9e dans le secteur de la Presse R\u00e9gionale Quotidienne,<\/p>\n<p>Laur\u00e9at M\u00e9dia est une soci\u00e9t\u00e9 \u00e0 taille humaine cr\u00e9\u00e9e en 2016 mais forte d&#8217;une exp\u00e9rience de plus de 20 ans dans le secteur de la presse \u00e9crite.<\/p>\n<p>Laur\u00e9at m\u00e9dia compte d\u00e9sormais une trentaine de commerciaux pouvant intervenir partout en France.<\/p>\n<p>N&#8217;h\u00e9sitez pas \u00e0 vous appuyer sur notre expertise du secteur presse.&nbsp;&nbsp;<\/p>\n<h2>A propos de nous<\/h2>\n<p><img decoding=\"async\" width=\"683\" height=\"1024\" src=\"http:\/\/laureatmedia.fr\/wp-content\/uploads\/2021\/07\/pexels-fauxels-3184423-683x1024.jpg\" alt=\"\" loading=\"lazy\" srcset=\"http:\/\/laureatmedia.fr\/wp-content\/uploads\/2021\/07\/pexels-fauxels-3184423-683x1024.jpg 683w, http:\/\/laureatmedia.fr\/wp-content\/uploads\/2021\/07\/pexels-fauxels-3184423-200x300.jpg 200w, http:\/\/laureatmedia.fr\/wp-content\/uploads\/2021\/07\/pexels-fauxels-3184423-768x1151.jpg 768w, http:\/\/laureatmedia.fr\/wp-content\/uploads\/2021\/07\/pexels-fauxels-3184423-1025x1536.jpg 1025w, http:\/\/laureatmedia.fr\/wp-content\/uploads\/2021\/07\/pexels-fauxels-3184423-1367x2048.jpg 1367w, http:\/\/laureatmedia.fr\/wp-content\/uploads\/2021\/07\/pexels-fauxels-3184423-1200x1798.jpg 1200w, http:\/\/laureatmedia.fr\/wp-content\/uploads\/2021\/07\/pexels-fauxels-3184423-1980x2967.jpg 1980w, http:\/\/laureatmedia.fr\/wp-content\/uploads\/2021\/07\/pexels-fauxels-3184423-scaled.jpg 1708w\" sizes=\"(max-width: 683px) 100vw, 683px\"><\/p>\n<p><strong>Toujours \u00e0 vos c\u00f4t\u00e9s !<\/strong><\/p>\n<p><strong>&nbsp;<\/strong><\/p>\n<p>Sp\u00e9cialis\u00e9e dans la vente externalis\u00e9e dans le secteur de la Presse R\u00e9gionale Quotidienne,<\/p>\n<p>Laur\u00e9at M\u00e9dia est une soci\u00e9t\u00e9 \u00e0 taille humaine cr\u00e9\u00e9e en 2016 mais forte d&#8217;une exp\u00e9rience de plus de 20 ans dans le secteur de la presse \u00e9crite.<\/p>\n<p>Laur\u00e9at m\u00e9dia compte d\u00e9sormais une trentaine de commerciaux pouvant intervenir partout en France.<\/p>\n<p>N&#8217;h\u00e9sitez pas \u00e0 vous appuyer sur notre expertise du secteur presse.&nbsp;&nbsp;<\/p>\n<h2>A propos de nous<\/h2>\n<p><img decoding=\"async\" width=\"683\" height=\"1024\" src=\"http:\/\/laureatmedia.fr\/wp-content\/uploads\/2021\/07\/pexels-fauxels-3184423-683x1024.jpg\" alt=\"\" loading=\"lazy\" srcset=\"http:\/\/laureatmedia.fr\/wp-content\/uploads\/2021\/07\/pexels-fauxels-3184423-683x1024.jpg 683w, http:\/\/laureatmedia.fr\/wp-content\/uploads\/2021\/07\/pexels-fauxels-3184423-200x300.jpg 200w, http:\/\/laureatmedia.fr\/wp-content\/uploads\/2021\/07\/pexels-fauxels-3184423-768x1151.jpg 768w, http:\/\/laureatmedia.fr\/wp-content\/uploads\/2021\/07\/pexels-fauxels-3184423-1025x1536.jpg 1025w, http:\/\/laureatmedia.fr\/wp-content\/uploads\/2021\/07\/pexels-fauxels-3184423-1367x2048.jpg 1367w, http:\/\/laureatmedia.fr\/wp-content\/uploads\/2021\/07\/pexels-fauxels-3184423-1200x1798.jpg 1200w, http:\/\/laureatmedia.fr\/wp-content\/uploads\/2021\/07\/pexels-fauxels-3184423-1980x2967.jpg 1980w, http:\/\/laureatmedia.fr\/wp-content\/uploads\/2021\/07\/pexels-fauxels-3184423-scaled.jpg 1708w\" sizes=\"(max-width: 683px) 100vw, 683px\"><\/p>\n<p><strong>Toujours \u00e0 vos c\u00f4t\u00e9s !<\/strong><\/p>\n<p>Sp\u00e9cialis\u00e9e dans la vente externalis\u00e9e dans le secteur de la Presse R\u00e9gionale Quotidienne,<\/p>\n<p>Laur\u00e9at M\u00e9dia est une soci\u00e9t\u00e9 \u00e0 taille humaine cr\u00e9\u00e9e en 2016 mais forte d&#8217;une exp\u00e9rience de plus de 20 ans dans le secteur de la presse \u00e9crite.<\/p>\n<p>Laur\u00e9at m\u00e9dia compte d\u00e9sormais une trentaine de commerciaux pouvant intervenir partout en France.<\/p>\n<p>N&#8217;h\u00e9sitez pas \u00e0 vous appuyer sur notre expertise du secteur presse.&nbsp;&nbsp;<\/p>\n<h2>Ils nous font confiance<\/h2>\n<p><img decoding=\"async\" src=\"http:\/\/laureatmedia.fr\/wp-content\/uploads\/2023\/01\/Carte-de-France-1.pdf\" title=\"\" alt=\"\"><\/p>\n<p><strong>Dans le cadre de notre d\u00e9veloppement, <\/strong><\/p>\n<p><strong>Nous recrutons des commerciaux H\/F sur les d\u00e9partements :&nbsp;<\/strong>12, 14, 19, 22, 23, 31, 35, 36, 37, 42, 44, 46, 47, 49, 50, 53, 56, 61, 65, 72, 79, 81, 82, 85, 86, 87<strong>.<\/strong><\/p>\n<p><strong>Que vous soyez agent commercial, VDI ou auto-entrepreneur,<\/strong><\/p>\n<p><strong>n&#8217;h\u00e9sitez pas \u00e0 postuler.<\/strong><\/p>\n<h2>Rejoignez-nous !<\/h2>\n<p><img decoding=\"async\" width=\"800\" height=\"534\" src=\"http:\/\/laureatmedia.fr\/wp-content\/uploads\/2021\/07\/pexels-andrea-piacquadio-3760069-1024x683.jpg\" alt=\"Poign\u00e9e de mains\" loading=\"lazy\" srcset=\"http:\/\/laureatmedia.fr\/wp-content\/uploads\/2021\/07\/pexels-andrea-piacquadio-3760069-1024x683.jpg 1024w, http:\/\/laureatmedia.fr\/wp-content\/uploads\/2021\/07\/pexels-andrea-piacquadio-3760069-300x200.jpg 300w, http:\/\/laureatmedia.fr\/wp-content\/uploads\/2021\/07\/pexels-andrea-piacquadio-3760069-768x512.jpg 768w, http:\/\/laureatmedia.fr\/wp-content\/uploads\/2021\/07\/pexels-andrea-piacquadio-3760069-1536x1024.jpg 1536w, http:\/\/laureatmedia.fr\/wp-content\/uploads\/2021\/07\/pexels-andrea-piacquadio-3760069-2048x1365.jpg 2048w, http:\/\/laureatmedia.fr\/wp-content\/uploads\/2021\/07\/pexels-andrea-piacquadio-3760069-1200x800.jpg 1200w, http:\/\/laureatmedia.fr\/wp-content\/uploads\/2021\/07\/pexels-andrea-piacquadio-3760069-1980x1320.jpg 1980w\" sizes=\"(max-width: 800px) 100vw, 800px\"><br \/>\n<a href=\"http:\/\/laureatmedia.fr\/?page_id=133\" role=\"button\"><br \/>\nEnvoyez-nous votre candidature par mail<br \/>\n<\/a><\/p>\n<p>Vous \u00eates tenace et persuasif ?<\/p>\n<p>Votre ambition n&#8217;a pas de limite ?<\/p>\n<p>Si vous \u00eates mobile et v\u00e9hicul\u00e9 ?<\/p>\n<p><strong>Ce job est fait pour vous !<\/strong><\/p>\n<p><img decoding=\"async\" src=\"https:\/\/media.giphy.com\/media\/OK914NO5d8ey9sSNAQ\/giphy.gif?cid=ecf05e47lyjlm8n3bnosn8yw2q5369x1282p5sjobu5eac4g&amp;rid=giphy.gif&amp;ct=g\" title=\"\" alt=\"\"><\/p>\n<p><strong>Dans le cadre de notre d\u00e9veloppement, <\/strong><\/p>\n<p><strong>Nous recrutons des commerciaux H\/F sur les d\u00e9partements :&nbsp;<\/strong>12, 14, 19, 22, 23, 31, 35, 36, 37, 42, 44, 46, 47, 49, 50, 53, 56, 61, 65, 72, 79, 81, 82, 85, 86, 87<strong>.<\/strong><\/p>\n<p><strong>Que vous soyez agent commercial, VDI ou auto-entrepreneur,<\/strong><\/p>\n<p><strong>n&#8217;h\u00e9sitez pas \u00e0 postuler.<\/strong><\/p>\n<h2>Rejoignez-nous !<\/h2>\n<p><img decoding=\"async\" width=\"800\" height=\"534\" src=\"http:\/\/laureatmedia.fr\/wp-content\/uploads\/2021\/07\/pexels-andrea-piacquadio-3760069-1024x683.jpg\" alt=\"Poign\u00e9e de mains\" loading=\"lazy\" srcset=\"http:\/\/laureatmedia.fr\/wp-content\/uploads\/2021\/07\/pexels-andrea-piacquadio-3760069-1024x683.jpg 1024w, http:\/\/laureatmedia.fr\/wp-content\/uploads\/2021\/07\/pexels-andrea-piacquadio-3760069-300x200.jpg 300w, http:\/\/laureatmedia.fr\/wp-content\/uploads\/2021\/07\/pexels-andrea-piacquadio-3760069-768x512.jpg 768w, http:\/\/laureatmedia.fr\/wp-content\/uploads\/2021\/07\/pexels-andrea-piacquadio-3760069-1536x1024.jpg 1536w, http:\/\/laureatmedia.fr\/wp-content\/uploads\/2021\/07\/pexels-andrea-piacquadio-3760069-2048x1365.jpg 2048w, http:\/\/laureatmedia.fr\/wp-content\/uploads\/2021\/07\/pexels-andrea-piacquadio-3760069-1200x800.jpg 1200w, http:\/\/laureatmedia.fr\/wp-content\/uploads\/2021\/07\/pexels-andrea-piacquadio-3760069-1980x1320.jpg 1980w\" sizes=\"(max-width: 800px) 100vw, 800px\"><br \/>\n<a href=\"http:\/\/laureatmedia.fr\/?page_id=133\" role=\"button\"><br \/>\nEnvoyez-nous votre candidature par mail<br \/>\n<\/a><\/p>\n<p>Vous \u00eates tenace et persuasif ?<\/p>\n<p>Votre ambition n&#8217;a pas de limite ?<\/p>\n<p>Si vous \u00eates mobile et v\u00e9hicul\u00e9 ?<\/p>\n<p><strong>Ce job est fait pour vous !<\/strong><\/p>\n<p><img decoding=\"async\" src=\"https:\/\/media.giphy.com\/media\/OK914NO5d8ey9sSNAQ\/giphy.gif?cid=ecf05e47lyjlm8n3bnosn8yw2q5369x1282p5sjobu5eac4g&amp;rid=giphy.gif&amp;ct=g\" title=\"\" alt=\"\"><\/p>\n<p><strong>Dans le cadre de notre d\u00e9veloppement, <\/strong><\/p>\n<p><strong>Nous recrutons des commerciaux H\/F sur les d\u00e9partements :&nbsp;<\/strong>12, 14, 19, 22, 23, 31, 35, 36, 37, 42, 44, 46, 47, 49, 50, 53, 56, 61, 65, 72, 79, 81, 82, 85, 86, 87<strong>.<\/strong><\/p>\n<p><strong>Que vous soyez agent commercial, VDI ou auto-entrepreneur,<\/strong><\/p>\n<p><strong>n&#8217;h\u00e9sitez pas \u00e0 postuler.<\/strong><\/p>\n<h2>Rejoignez-nous !<\/h2>\n<p><img decoding=\"async\" width=\"800\" height=\"534\" src=\"http:\/\/laureatmedia.fr\/wp-content\/uploads\/2021\/07\/pexels-andrea-piacquadio-3760069-1024x683.jpg\" alt=\"Poign\u00e9e de mains\" loading=\"lazy\" srcset=\"http:\/\/laureatmedia.fr\/wp-content\/uploads\/2021\/07\/pexels-andrea-piacquadio-3760069-1024x683.jpg 1024w, http:\/\/laureatmedia.fr\/wp-content\/uploads\/2021\/07\/pexels-andrea-piacquadio-3760069-300x200.jpg 300w, http:\/\/laureatmedia.fr\/wp-content\/uploads\/2021\/07\/pexels-andrea-piacquadio-3760069-768x512.jpg 768w, http:\/\/laureatmedia.fr\/wp-content\/uploads\/2021\/07\/pexels-andrea-piacquadio-3760069-1536x1024.jpg 1536w, http:\/\/laureatmedia.fr\/wp-content\/uploads\/2021\/07\/pexels-andrea-piacquadio-3760069-2048x1365.jpg 2048w, http:\/\/laureatmedia.fr\/wp-content\/uploads\/2021\/07\/pexels-andrea-piacquadio-3760069-1200x800.jpg 1200w, http:\/\/laureatmedia.fr\/wp-content\/uploads\/2021\/07\/pexels-andrea-piacquadio-3760069-1980x1320.jpg 1980w\" sizes=\"(max-width: 800px) 100vw, 800px\"><br \/>\n<a href=\"http:\/\/laureatmedia.fr\/?page_id=133\" role=\"button\"><br \/>\nEnvoi de votre candidature par mail ici<br \/>\n<\/a><\/p>\n<p>Vous \u00eates tenace et persuasif ?<\/p>\n<p>Votre ambition n&#8217;a pas de limite ?<\/p>\n<p>Si vous \u00eates mobile et v\u00e9hicul\u00e9 ?<\/p>\n<p><strong>Ce job est fait pour vous !<\/strong><\/p>\n<p><img decoding=\"async\" src=\"https:\/\/media.giphy.com\/media\/OK914NO5d8ey9sSNAQ\/giphy.gif?cid=ecf05e47lyjlm8n3bnosn8yw2q5369x1282p5sjobu5eac4g&amp;rid=giphy.gif&amp;ct=g\" title=\"\" alt=\"\"><br \/>\n<img decoding=\"async\" width=\"800\" height=\"533\" src=\"http:\/\/laureatmedia.fr\/wp-content\/uploads\/2021\/07\/pexels-pixabay-327540-1024x682.jpg\" alt=\"\" loading=\"lazy\" srcset=\"http:\/\/laureatmedia.fr\/wp-content\/uploads\/2021\/07\/pexels-pixabay-327540-1024x682.jpg 1024w, http:\/\/laureatmedia.fr\/wp-content\/uploads\/2021\/07\/pexels-pixabay-327540-300x200.jpg 300w, http:\/\/laureatmedia.fr\/wp-content\/uploads\/2021\/07\/pexels-pixabay-327540-768x511.jpg 768w, http:\/\/laureatmedia.fr\/wp-content\/uploads\/2021\/07\/pexels-pixabay-327540-1536x1022.jpg 1536w, http:\/\/laureatmedia.fr\/wp-content\/uploads\/2021\/07\/pexels-pixabay-327540-2048x1363.jpg 2048w, http:\/\/laureatmedia.fr\/wp-content\/uploads\/2021\/07\/pexels-pixabay-327540-1200x799.jpg 1200w, http:\/\/laureatmedia.fr\/wp-content\/uploads\/2021\/07\/pexels-pixabay-327540-1980x1318.jpg 1980w\" sizes=\"(max-width: 800px) 100vw, 800px\"><\/p>\n<h2>Contactez-nous<\/h2>\n<ul>\n<li>\n\t\t\t\t\t\t\t\t\t\tLaur\u00e9at M\u00e9dia &#8211; 1 Ter Chemin des Pr\u00eaches &#8211; 85440 Talmont Saint Hilaire<\/li>\n<li>\n\t\t\t\t\t\t\t\t\t\t06 73 58 00 35<\/li>\n<li>\n\t\t\t\t\t\t\t\t\t\tcontact@laureatmedia.fr<\/li>\n<\/ul>\n<p><img decoding=\"async\" width=\"800\" height=\"533\" src=\"http:\/\/laureatmedia.fr\/wp-content\/uploads\/2021\/07\/pexels-pixabay-327540-1024x682.jpg\" alt=\"\" loading=\"lazy\" srcset=\"http:\/\/laureatmedia.fr\/wp-content\/uploads\/2021\/07\/pexels-pixabay-327540-1024x682.jpg 1024w, http:\/\/laureatmedia.fr\/wp-content\/uploads\/2021\/07\/pexels-pixabay-327540-300x200.jpg 300w, http:\/\/laureatmedia.fr\/wp-content\/uploads\/2021\/07\/pexels-pixabay-327540-768x511.jpg 768w, http:\/\/laureatmedia.fr\/wp-content\/uploads\/2021\/07\/pexels-pixabay-327540-1536x1022.jpg 1536w, http:\/\/laureatmedia.fr\/wp-content\/uploads\/2021\/07\/pexels-pixabay-327540-2048x1363.jpg 2048w, http:\/\/laureatmedia.fr\/wp-content\/uploads\/2021\/07\/pexels-pixabay-327540-1200x799.jpg 1200w, http:\/\/laureatmedia.fr\/wp-content\/uploads\/2021\/07\/pexels-pixabay-327540-1980x1318.jpg 1980w\" sizes=\"(max-width: 800px) 100vw, 800px\"><\/p>\n<h2>Contactez-nous<\/h2>\n<ul>\n<li>\n\t\t\t\t\t\t\t\t\t\tLaur\u00e9at M\u00e9dia &#8211; 1 Ter Chemin des Pr\u00eaches &#8211; 85440 Talmont Saint Hilaire<\/li>\n<li>\n\t\t\t\t\t\t\t\t\t\t06 73 58 00 35<\/li>\n<li>\n\t\t\t\t\t\t\t\t\t\tcontact@laureatmedia.fr<\/li>\n<\/ul>\n","protected":false},"excerpt":{"rendered":"<p>Secteur Presse quotidienne r\u00e9gionaleNotre force : la proximit\u00e9Nous contacterUne \u00e9quipe de professionnels \u00e0 votre dispositionNos commerciaux les plus efficaces vous seront d\u00e9di\u00e9sNous contacterNotre volont\u00e9 : vous faire grandir !Nous vous aiderons \u00e0 s\u00e9duire de nouveaux lecteursNous contacter Pr\u00e9c\u00e9dent Suivant Secteur Presse quotidienne r\u00e9gionaleNotre force : la proximit\u00e9Nous contacterUne \u00e9quipe de professionnels \u00e0 votre dispositionNos commerciaux [&hellip;]<\/p>\n","protected":false},"author":1,"featured_media":0,"parent":0,"menu_order":1,"comment_status":"closed","ping_status":"closed","template":"","meta":[],"_links":{"self":[{"href":"https:\/\/laureatmedia.fr\/index.php?rest_route=\/wp\/v2\/pages\/189"}],"collection":[{"href":"https:\/\/laureatmedia.fr\/index.php?rest_route=\/wp\/v2\/pages"}],"about":[{"href":"https:\/\/laureatmedia.fr\/index.php?rest_route=\/wp\/v2\/types\/page"}],"author":[{"embeddable":true,"href":"https:\/\/laureatmedia.fr\/index.php?rest_route=\/wp\/v2\/users\/1"}],"replies":[{"embeddable":true,"href":"https:\/\/laureatmedia.fr\/index.php?rest_route=%2Fwp%2Fv2%2Fcomments&post=189"}],"version-history":[{"count":206,"href":"https:\/\/laureatmedia.fr\/index.php?rest_route=\/wp\/v2\/pages\/189\/revisions"}],"predecessor-version":[{"id":511,"href":"https:\/\/laureatmedia.fr\/index.php?rest_route=\/wp\/v2\/pages\/189\/revisions\/511"}],"wp:attachment":[{"href":"https:\/\/laureatmedia.fr\/index.php?rest_route=%2Fwp%2Fv2%2Fmedia&parent=189"}],"curies":[{"name":"wp","href":"https:\/\/api.w.org\/{rel}","templated":true}]}}