{"id":133,"date":"2021-08-18T17:56:13","date_gmt":"2021-08-18T15:56:13","guid":{"rendered":"http:\/\/laureatmedia.fr\/?page_id=133"},"modified":"2021-09-15T22:25:27","modified_gmt":"2021-09-15T20:25:27","slug":"nous-contacter","status":"publish","type":"page","link":"https:\/\/laureatmedia.fr\/?page_id=133","title":{"rendered":"Nous contacter"},"content":{"rendered":"<p><img decoding=\"async\" width=\"800\" height=\"533\" src=\"http:\/\/laureatmedia.fr\/wp-content\/uploads\/2021\/07\/pexels-pixabay-327540-1024x682.jpg\" alt=\"\" loading=\"lazy\" srcset=\"http:\/\/laureatmedia.fr\/wp-content\/uploads\/2021\/07\/pexels-pixabay-327540-1024x682.jpg 1024w, http:\/\/laureatmedia.fr\/wp-content\/uploads\/2021\/07\/pexels-pixabay-327540-300x200.jpg 300w, http:\/\/laureatmedia.fr\/wp-content\/uploads\/2021\/07\/pexels-pixabay-327540-768x511.jpg 768w, http:\/\/laureatmedia.fr\/wp-content\/uploads\/2021\/07\/pexels-pixabay-327540-1536x1022.jpg 1536w, http:\/\/laureatmedia.fr\/wp-content\/uploads\/2021\/07\/pexels-pixabay-327540-2048x1363.jpg 2048w, http:\/\/laureatmedia.fr\/wp-content\/uploads\/2021\/07\/pexels-pixabay-327540-1200x799.jpg 1200w, http:\/\/laureatmedia.fr\/wp-content\/uploads\/2021\/07\/pexels-pixabay-327540-1980x1318.jpg 1980w\" sizes=\"(max-width: 800px) 100vw, 800px\"><\/p>\n<h2>Contactez-nous<\/h2>\n<ul>\n<li>\n\t\t\t\t\t\t\t\t\t\tLaur\u00e9at M\u00e9dia &#8211; 1 Ter Chemin des Pr\u00eaches &#8211; 85440 Talmont Saint Hilaire<\/li>\n<li>\n\t\t\t\t\t\t\t\t\t\t06 73 58 00 35<\/li>\n<li>\n\t\t\t\t\t\t\t\t\t\tcontact@laureatmedia.fr<\/li>\n<\/ul>\n<p><img decoding=\"async\" width=\"800\" height=\"533\" src=\"http:\/\/laureatmedia.fr\/wp-content\/uploads\/2021\/07\/pexels-pixabay-327540-1024x682.jpg\" alt=\"\" loading=\"lazy\" srcset=\"http:\/\/laureatmedia.fr\/wp-content\/uploads\/2021\/07\/pexels-pixabay-327540-1024x682.jpg 1024w, http:\/\/laureatmedia.fr\/wp-content\/uploads\/2021\/07\/pexels-pixabay-327540-300x200.jpg 300w, http:\/\/laureatmedia.fr\/wp-content\/uploads\/2021\/07\/pexels-pixabay-327540-768x511.jpg 768w, http:\/\/laureatmedia.fr\/wp-content\/uploads\/2021\/07\/pexels-pixabay-327540-1536x1022.jpg 1536w, http:\/\/laureatmedia.fr\/wp-content\/uploads\/2021\/07\/pexels-pixabay-327540-2048x1363.jpg 2048w, http:\/\/laureatmedia.fr\/wp-content\/uploads\/2021\/07\/pexels-pixabay-327540-1200x799.jpg 1200w, http:\/\/laureatmedia.fr\/wp-content\/uploads\/2021\/07\/pexels-pixabay-327540-1980x1318.jpg 1980w\" sizes=\"(max-width: 800px) 100vw, 800px\"><\/p>\n<h2>Contactez-nous<\/h2>\n<ul>\n<li>\n\t\t\t\t\t\t\t\t\t\tLaur\u00e9at M\u00e9dia &#8211; 1 Ter Chemin des Pr\u00eaches &#8211; 85440 Talmont Saint Hilaire<\/li>\n<li>\n\t\t\t\t\t\t\t\t\t\t06 73 58 00 35<\/li>\n<li>\n\t\t\t\t\t\t\t\t\t\tcontact@laureatmedia.fr<\/li>\n<\/ul>\n","protected":false},"excerpt":{"rendered":"<p>Contactez-nous Laur\u00e9at M\u00e9dia &#8211; 1 Ter Chemin des Pr\u00eaches &#8211; 85440 Talmont Saint Hilaire 06 73 58 00 35 contact@laureatmedia.fr Contactez-nous Laur\u00e9at M\u00e9dia &#8211; 1 Ter Chemin des Pr\u00eaches &#8211; 85440 Talmont Saint Hilaire 06 73 58 00 35 contact@laureatmedia.fr<\/p>\n","protected":false},"author":1,"featured_media":0,"parent":0,"menu_order":0,"comment_status":"closed","ping_status":"closed","template":"","meta":[],"_links":{"self":[{"href":"https:\/\/laureatmedia.fr\/index.php?rest_route=\/wp\/v2\/pages\/133"}],"collection":[{"href":"https:\/\/laureatmedia.fr\/index.php?rest_route=\/wp\/v2\/pages"}],"about":[{"href":"https:\/\/laureatmedia.fr\/index.php?rest_route=\/wp\/v2\/types\/page"}],"author":[{"embeddable":true,"href":"https:\/\/laureatmedia.fr\/index.php?rest_route=\/wp\/v2\/users\/1"}],"replies":[{"embeddable":true,"href":"https:\/\/laureatmedia.fr\/index.php?rest_route=%2Fwp%2Fv2%2Fcomments&post=133"}],"version-history":[{"count":22,"href":"https:\/\/laureatmedia.fr\/index.php?rest_route=\/wp\/v2\/pages\/133\/revisions"}],"predecessor-version":[{"id":434,"href":"https:\/\/laureatmedia.fr\/index.php?rest_route=\/wp\/v2\/pages\/133\/revisions\/434"}],"wp:attachment":[{"href":"https:\/\/laureatmedia.fr\/index.php?rest_route=%2Fwp%2Fv2%2Fmedia&parent=133"}],"curies":[{"name":"wp","href":"https:\/\/api.w.org\/{rel}","templated":true}]}}